{"id":87,"date":"2024-02-03T16:54:04","date_gmt":"2024-02-03T16:54:04","guid":{"rendered":"https:\/\/magicmountainstudio.com\/?page_id=87"},"modified":"2025-09-21T00:06:02","modified_gmt":"2025-09-21T00:06:02","slug":"fashion-jewelry","status":"publish","type":"page","link":"https:\/\/magicmountainstudio.com\/?page_id=87","title":{"rendered":"Tarifs"},"content":{"rendered":"\n<p class=\"has-vivid-green-cyan-color has-text-color has-link-color wp-elements-369ddfab2e6550f5263b474e7af8cd2f\" style=\"font-size:35px\"><strong>Photographie \/ Photography<\/strong><\/p>\n\n\n\n<p>Couverture \u00e9v\u00e9nementielle usage commercial, 2 h minimum.<\/p>\n\n\n\n<p>Event coverage commercial usage, 2 h minimum.<\/p>\n\n\n\n<p><strong>350 $<\/strong> la premi\u00e8re heure, ensuite <strong>225 $\/heure<\/strong> pour les heures suivantes.<\/p>\n\n\n\n<p><strong> $350<\/strong> for the first hour, then <strong>$225\/hour<\/strong> for additional hours.<\/p>\n\n\n\n<p>Photos retouch\u00e9es sur plus de 10 param\u00e8tres ainsi qu&#8217;avec Intelligence Artificielle<\/p>\n\n\n\n<p>Pictures are modified in post prodution to ajust more than 10 parameters and Artificiel inteligence <\/p>\n\n\n\n<p><\/p>\n\n\n\n<p>20 &#8211; 40 photos par heure<\/p>\n\n\n\n<p>20-40 pictures per hour<\/p>\n\n\n\n<p class=\"has-vivid-green-cyan-color has-text-color has-link-color wp-elements-c662894970134a4fb2720167669f3398\" style=\"font-size:35px\"><strong>Vid\u00e9o \/ Video<\/strong><\/p>\n\n\n\n<p>Veuillez nous contacter \/ Please contact us<\/p>\n\n\n\n<p class=\"has-vivid-green-cyan-color has-text-color has-link-color wp-elements-47465f6c6ed1f1f74dbad9a523d61ae4\" style=\"font-size:35px\"><strong>Drone<\/strong><\/p>\n\n\n\n<p>Veuillez nous contacter \/ Please contact us<\/p>\n","protected":false},"excerpt":{"rendered":"<p>Photographie \/ Photography Couverture \u00e9v\u00e9nementielle usage commercial, 2 h minimum. Event coverage commercial usage, 2 h minimum. 350 $ la premi\u00e8re heure, ensuite 225 $\/heure pour les heures suivantes. $350 for the first hour, then $225\/hour for additional hours. Photos retouch\u00e9es sur plus de 10 param\u00e8tres ainsi qu&#8217;avec Intelligence Artificielle Pictures are modified in post [&hellip;]<\/p>\n","protected":false},"author":1,"featured_media":0,"parent":0,"menu_order":0,"comment_status":"closed","ping_status":"closed","template":"","meta":{"footnotes":""},"class_list":["post-87","page","type-page","status-publish","hentry"],"_links":{"self":[{"href":"https:\/\/magicmountainstudio.com\/index.php?rest_route=\/wp\/v2\/pages\/87","targetHints":{"allow":["GET"]}}],"collection":[{"href":"https:\/\/magicmountainstudio.com\/index.php?rest_route=\/wp\/v2\/pages"}],"about":[{"href":"https:\/\/magicmountainstudio.com\/index.php?rest_route=\/wp\/v2\/types\/page"}],"author":[{"embeddable":true,"href":"https:\/\/magicmountainstudio.com\/index.php?rest_route=\/wp\/v2\/users\/1"}],"replies":[{"embeddable":true,"href":"https:\/\/magicmountainstudio.com\/index.php?rest_route=%2Fwp%2Fv2%2Fcomments&post=87"}],"version-history":[{"count":2,"href":"https:\/\/magicmountainstudio.com\/index.php?rest_route=\/wp\/v2\/pages\/87\/revisions"}],"predecessor-version":[{"id":193,"href":"https:\/\/magicmountainstudio.com\/index.php?rest_route=\/wp\/v2\/pages\/87\/revisions\/193"}],"wp:attachment":[{"href":"https:\/\/magicmountainstudio.com\/index.php?rest_route=%2Fwp%2Fv2%2Fmedia&parent=87"}],"curies":[{"name":"wp","href":"https:\/\/api.w.org\/{rel}","templated":true}]}}